{"id":488,"date":"2025-09-06T15:30:43","date_gmt":"2025-09-06T13:30:43","guid":{"rendered":"https:\/\/chso.pl\/?page_id=488"},"modified":"2025-09-26T09:39:25","modified_gmt":"2025-09-26T07:39:25","slug":"sigma-chelmno","status":"publish","type":"page","link":"https:\/\/chso.pl\/index.php\/sigma-chelmno\/","title":{"rendered":"Sigma Che\u0142mno"},"content":{"rendered":"\n<p>wsp\u00f3\u0142finansowany z EFS+ w ramach Dzia\u0142ania 7.2 programu Fundusze Europejskie dla Kujaw i Pomorza na lata 2021-2027&nbsp;<\/p>\n\n\n\n<figure class=\"wp-block-image size-large\"><img fetchpriority=\"high\" decoding=\"async\" width=\"1024\" height=\"97\" src=\"https:\/\/chso.pl\/wp-content\/uploads\/2025\/09\/ue-logo-1024x97.jpg\" alt=\"\" class=\"wp-image-544\" srcset=\"https:\/\/chso.pl\/wp-content\/uploads\/2025\/09\/ue-logo-1024x97.jpg 1024w, https:\/\/chso.pl\/wp-content\/uploads\/2025\/09\/ue-logo-300x28.jpg 300w, https:\/\/chso.pl\/wp-content\/uploads\/2025\/09\/ue-logo-768x73.jpg 768w, https:\/\/chso.pl\/wp-content\/uploads\/2025\/09\/ue-logo-1536x146.jpg 1536w, https:\/\/chso.pl\/wp-content\/uploads\/2025\/09\/ue-logo-2048x194.jpg 2048w\" sizes=\"(max-width: 1024px) 100vw, 1024px\" \/><\/figure>\n\n\n\n<p>Celem klubu jest podniesienie kompetencji i umiej\u0119tno\u015bci dzieci i m\u0142odzie\u017cy oraz zwi\u0119kszenie ich szans edukacyjnych poprzez rozwijanie uzdolnie\u0144 i zainteresowa\u0144 poza edukacj\u0105 formaln\u0105.<\/p>\n\n\n\n<h2 class=\"wp-block-heading\">Odbiorcy wsparcia&nbsp;&nbsp;<\/h2>\n\n\n\n<p>Dzieci i m\u0142odzie\u017c ucz\u0105ce si\u0119, w wieku od 6 do 24 lat, zamieszkuj\u0105ce na terenie Che\u0142mna.&nbsp;&nbsp;<\/p>\n\n\n\n<h2 class=\"wp-block-heading\">Cel, zadania i oferta klubu&nbsp;&nbsp;<\/h2>\n\n\n\n<p>Klub jest miejscem przyjaznym dzieciom i m\u0142odzie\u017cy, daj\u0105cym poczucie bezpiecze\u0144stwa i lokalnej wsp\u00f3lnoty, z empatyczn\u0105 i kompetentn\u0105 kadr\u0105. Klub tworzy edukacyjn\u0105 przestrze\u0144, w kt\u00f3rej jest miejsce na wymian\u0119 do\u015bwiadcze\u0144, kontakty spo\u0142eczne, a relacje opieraj\u0105 si\u0119 na wzajemnym szacunku i tolerancji. Zaj\u0119cia odbywa\u0142y si\u0119 b\u0119d\u0105 w Che\u0142mi\u0144skim Inkubatorze Organizacji Pozarz\u0105dowych, na ul. Grudzi\u0105dzka 36, na Orliku i przestrzeni miasta.<\/p>\n\n\n\n<p>Proponujemy wspieranie rozwoju dzieci i m\u0142odzie\u017cy w nast\u0119puj\u0105cych obszarach daj\u0105cych kompetencje (uczestnik \/ uczestniczka wybiera jeden obszar) z:&nbsp;&nbsp;<\/p>\n\n\n\n<ul class=\"wp-block-list\">\n<li>Rozw\u00f3j fizyczny: pierwsza pomoc przedmedyczna &#8211; 20 godzin,&nbsp;<\/li>\n\n\n\n<li>Rozw\u00f3j spo\u0142eczny: rozwijanie kompetencji spo\u0142ecznych &#8211; 20 godzin,<\/li>\n\n\n\n<li>Rozw\u00f3j kreatywno\u015bci: robotyka z LEGO &#8211; 20 godzin.<\/li>\n<\/ul>\n\n\n\n<p>oraz dwa dodatkowe z innych kategorii:<\/p>\n\n\n\n<ul class=\"wp-block-list\">\n<li>Rozw\u00f3j fizyczny: gry i zabawy na \u015bwie\u017cym powietrzu, jazda na rowerze, podchody, survival i strzelanie &#8211; 20 godzin,<\/li>\n\n\n\n<li>Rozw\u00f3j spo\u0142eczny: Fabryka pozytywnych emocji &#8211; 15 godzin, Fabryka dobra &#8211; 15 godzin,<\/li>\n\n\n\n<li>Rozw\u00f3j kreatywno\u015bci: Bajanie i tkanie &#8211; 20 godzin, tw\u00f3rcze odkrywanie &#8211; 20 godzin.<\/li>\n<\/ul>\n\n\n\n<p>Zaj\u0119cia b\u0119d\u0105 prowadzone w grupach 10 osobowych (robotyka dwie grupy po 5 os\u00f3b).&nbsp;<\/p>\n\n\n\n<p>Zaj\u0119cia prowadzone b\u0119d\u0105 metod\u0105 projektu, ucz\u0105c wsp\u00f3\u0142pracy, daj\u0105c mo\u017cliwo\u015b\u0107 zaanga\u017cowania si\u0119 r\u00f3wnie\u017c w dodatkowe dzia\u0142ania, takie jak:&nbsp;<\/p>\n\n\n\n<ul class=\"wp-block-list\">\n<li>nagrywanie rolek promuj\u0105cych aktywno\u015b\u0107 fizyczn\u0105 i kluby sportowe na terenie Che\u0142mna,<\/li>\n\n\n\n<li>organizacj\u0119 spotkania z seniorami pt. Jak porusza\u0107 si\u0119 po drodze na hulajnodze?<\/li>\n\n\n\n<li>przygotowanie wystawy projekt\u00f3w stworzonych na robotyce i wypracowanych w czasie spotkania z seniorami.<\/li>\n<\/ul>\n\n\n\n<h2 class=\"wp-block-heading\">Kadra&nbsp;&nbsp;<\/h2>\n\n\n\n<p>Kadra zatrudniona w klubie to g\u0142\u00f3wnie pracownicy Szko\u0142y Podstawowej nr 2 posiadaj\u0105cy odpowiednie kwalifikacje w zale\u017cno\u015bci od charakteru prowadzonych zaj\u0119\u0107 lub do\u015bwiadczenie w pracy z dzie\u0107mi i m\u0142odzie\u017c\u0105.&nbsp;&nbsp;<\/p>\n\n\n\n<p>Osoba zatrudniona na stanowisku opiekuna posiada wykszta\u0142cenie wy\u017csze na kierunku: pedagogika i do\u015bwiadczenie w pracy z dzie\u0107mi i m\u0142odzie\u017c\u0105.&nbsp;&nbsp;<\/p>\n\n\n\n<h2 class=\"wp-block-heading\">Zasady funkcjonowania klubu&nbsp;&nbsp;<\/h2>\n\n\n\n<p>Godziny funkcjonowania klubu b\u0119d\u0105 dostosowane do potrzeb i mo\u017cliwo\u015bci uczestnictwa dzieci i m\u0142odzie\u017cy tj. popo\u0142udniami lub w sobot\u0119. Rozpoczynamy w pa\u017adzierniku 2025 &#8211; ko\u0144czymy zaj\u0119cia w czerwcu 2026. &nbsp;<\/p>\n\n\n\n<p>Zaj\u0119cia w klubie s\u0105 bezp\u0142atne.&nbsp;<\/p>\n\n\n\n<p>Na zaj\u0119ciach cyklicznych wymagana jest frekwencja na poziomie 70% (do frekwencji wlicza si\u0119 udokumentowan\u0105 nieobecno\u015b\u0107 z powodu choroby uczestnika).&nbsp;<\/p>\n\n\n\n<p>Ka\u017cdy z uczestnik\u00f3w musi posiada\u0107 aktualn\u0105 pisemn\u0105 zgod\u0119 (rodzica lub opiekuna prawnego) na uczestnictwo w zaj\u0119ciach prowadzonych w klubie oraz zgod\u0119 na samodzielne powroty dziecka do domu. &nbsp;<\/p>\n\n\n\n<p>Klub zapewnia dzieciom i m\u0142odzie\u017cy mo\u017cliwo\u015b\u0107 korzystania z wy\u017cywienia w postaci przek\u0105sek, podwieczork\u00f3w.<\/p>\n\n\n\n<p>Uczestnik klubu zobowi\u0105zany jest do przestrzegania regulaminu klubu. &nbsp;<\/p>\n\n\n\n<h2 class=\"wp-block-heading\"><a href=\"https:\/\/docs.google.com\/forms\/d\/e\/1FAIpQLSe_yDyPJdPESvRnLodsuTW6PrB9C6AYwL_uWL8kqb5WF1BdEQ\/viewform?usp=dialog\">Formularz zg\u0142oszeniowy<\/a><\/h2>\n\n\n\n<hr class=\"wp-block-separator has-alpha-channel-opacity\"\/>\n\n\n\n<figure class=\"wp-block-image size-large is-resized\"><img decoding=\"async\" width=\"724\" height=\"1024\" src=\"https:\/\/chso.pl\/wp-content\/uploads\/2025\/09\/Scch-724x1024.png\" alt=\"\" class=\"wp-image-531\" style=\"width:433px;height:auto\" srcset=\"https:\/\/chso.pl\/wp-content\/uploads\/2025\/09\/Scch-724x1024.png 724w, https:\/\/chso.pl\/wp-content\/uploads\/2025\/09\/Scch-212x300.png 212w, https:\/\/chso.pl\/wp-content\/uploads\/2025\/09\/Scch-768x1086.png 768w, https:\/\/chso.pl\/wp-content\/uploads\/2025\/09\/Scch-1086x1536.png 1086w, https:\/\/chso.pl\/wp-content\/uploads\/2025\/09\/Scch.png 1414w\" sizes=\"(max-width: 724px) 100vw, 724px\" \/><\/figure>\n\n\n\n<figure class=\"wp-block-image size-large is-resized\"><img decoding=\"async\" width=\"724\" height=\"1024\" src=\"https:\/\/chso.pl\/wp-content\/uploads\/2025\/09\/Scch1-724x1024.png\" alt=\"\" class=\"wp-image-532\" style=\"width:434px;height:auto\" srcset=\"https:\/\/chso.pl\/wp-content\/uploads\/2025\/09\/Scch1-724x1024.png 724w, https:\/\/chso.pl\/wp-content\/uploads\/2025\/09\/Scch1-212x300.png 212w, https:\/\/chso.pl\/wp-content\/uploads\/2025\/09\/Scch1-768x1086.png 768w, https:\/\/chso.pl\/wp-content\/uploads\/2025\/09\/Scch1-1086x1536.png 1086w, https:\/\/chso.pl\/wp-content\/uploads\/2025\/09\/Scch1.png 1414w\" sizes=\"(max-width: 724px) 100vw, 724px\" \/><\/figure>\n\n\n\n<p><\/p>\n","protected":false},"excerpt":{"rendered":"<p>wsp\u00f3\u0142finansowany z EFS+ w ramach Dzia\u0142ania 7.2 programu Fundusze Europejskie dla Kujaw i Pomorza na lata 2021-2027&nbsp; Celem klubu jest podniesienie kompetencji i umiej\u0119tno\u015bci dzieci i m\u0142odzie\u017cy oraz zwi\u0119kszenie ich szans edukacyjnych poprzez rozwijanie uzdolnie\u0144 i zainteresowa\u0144 poza edukacj\u0105 formaln\u0105. Odbiorcy wsparcia&nbsp;&nbsp; Dzieci i m\u0142odzie\u017c ucz\u0105ce si\u0119, w wieku od 6 do 24 lat, zamieszkuj\u0105ce<\/p>\n","protected":false},"author":1,"featured_media":0,"parent":0,"menu_order":0,"comment_status":"closed","ping_status":"closed","template":"","meta":{"footnotes":""},"class_list":["post-488","page","type-page","status-publish","hentry"],"_links":{"self":[{"href":"https:\/\/chso.pl\/index.php\/wp-json\/wp\/v2\/pages\/488","targetHints":{"allow":["GET"]}}],"collection":[{"href":"https:\/\/chso.pl\/index.php\/wp-json\/wp\/v2\/pages"}],"about":[{"href":"https:\/\/chso.pl\/index.php\/wp-json\/wp\/v2\/types\/page"}],"author":[{"embeddable":true,"href":"https:\/\/chso.pl\/index.php\/wp-json\/wp\/v2\/users\/1"}],"replies":[{"embeddable":true,"href":"https:\/\/chso.pl\/index.php\/wp-json\/wp\/v2\/comments?post=488"}],"version-history":[{"count":6,"href":"https:\/\/chso.pl\/index.php\/wp-json\/wp\/v2\/pages\/488\/revisions"}],"predecessor-version":[{"id":549,"href":"https:\/\/chso.pl\/index.php\/wp-json\/wp\/v2\/pages\/488\/revisions\/549"}],"wp:attachment":[{"href":"https:\/\/chso.pl\/index.php\/wp-json\/wp\/v2\/media?parent=488"}],"curies":[{"name":"wp","href":"https:\/\/api.w.org\/{rel}","templated":true}]}}