{"id":33,"date":"2025-06-14T15:13:56","date_gmt":"2025-06-14T13:13:56","guid":{"rendered":"https:\/\/chso.pl\/?page_id=33"},"modified":"2025-09-06T16:05:46","modified_gmt":"2025-09-06T14:05:46","slug":"sila-jest-kobieta","status":"publish","type":"page","link":"https:\/\/chso.pl\/index.php\/sila-jest-kobieta\/","title":{"rendered":"Si\u0142a jest kobiet\u0105!"},"content":{"rendered":"\n<p><a href=\"https:\/\/www.facebook.com\/profile.php?id=61575888224839\" target=\"_blank\">Facebook<\/a><\/p>\n\n\n\n<hr class=\"wp-block-separator has-alpha-channel-opacity\"\/>\n\n\n\n<div class=\"wp-block-columns is-layout-flex wp-container-core-columns-is-layout-28f84493 wp-block-columns-is-layout-flex\">\n<div class=\"wp-block-column is-layout-flow wp-block-column-is-layout-flow\" style=\"flex-basis:33.33%\">\n<figure class=\"wp-block-image size-large\"><img fetchpriority=\"high\" decoding=\"async\" width=\"734\" height=\"1024\" src=\"https:\/\/chso.pl\/wp-content\/uploads\/2025\/06\/512658332_122121145760862940_1177745508101750516_n-734x1024.jpg\" alt=\"\" class=\"wp-image-100\" srcset=\"https:\/\/chso.pl\/wp-content\/uploads\/2025\/06\/512658332_122121145760862940_1177745508101750516_n-734x1024.jpg 734w, https:\/\/chso.pl\/wp-content\/uploads\/2025\/06\/512658332_122121145760862940_1177745508101750516_n-215x300.jpg 215w, https:\/\/chso.pl\/wp-content\/uploads\/2025\/06\/512658332_122121145760862940_1177745508101750516_n-768x1071.jpg 768w, https:\/\/chso.pl\/wp-content\/uploads\/2025\/06\/512658332_122121145760862940_1177745508101750516_n-1101x1536.jpg 1101w, https:\/\/chso.pl\/wp-content\/uploads\/2025\/06\/512658332_122121145760862940_1177745508101750516_n.jpg 1468w\" sizes=\"(max-width: 734px) 100vw, 734px\" \/><\/figure>\n\n\n\n<figure class=\"wp-block-image size-large\"><img decoding=\"async\" width=\"720\" height=\"1024\" src=\"https:\/\/chso.pl\/wp-content\/uploads\/2025\/06\/506445255_122118734720862940_3599751371117363510_n-720x1024.jpg\" alt=\"\" class=\"wp-image-102\" srcset=\"https:\/\/chso.pl\/wp-content\/uploads\/2025\/06\/506445255_122118734720862940_3599751371117363510_n-720x1024.jpg 720w, https:\/\/chso.pl\/wp-content\/uploads\/2025\/06\/506445255_122118734720862940_3599751371117363510_n-211x300.jpg 211w, https:\/\/chso.pl\/wp-content\/uploads\/2025\/06\/506445255_122118734720862940_3599751371117363510_n-768x1092.jpg 768w, https:\/\/chso.pl\/wp-content\/uploads\/2025\/06\/506445255_122118734720862940_3599751371117363510_n.jpg 921w\" sizes=\"(max-width: 720px) 100vw, 720px\" \/><\/figure>\n\n\n\n<figure class=\"wp-block-image size-large\"><img decoding=\"async\" width=\"1024\" height=\"579\" src=\"https:\/\/chso.pl\/wp-content\/uploads\/2025\/06\/497752662_122107138304862940_1280175776841093123_n-1024x579.jpg\" alt=\"\" class=\"wp-image-103\" srcset=\"https:\/\/chso.pl\/wp-content\/uploads\/2025\/06\/497752662_122107138304862940_1280175776841093123_n-1024x579.jpg 1024w, https:\/\/chso.pl\/wp-content\/uploads\/2025\/06\/497752662_122107138304862940_1280175776841093123_n-300x169.jpg 300w, https:\/\/chso.pl\/wp-content\/uploads\/2025\/06\/497752662_122107138304862940_1280175776841093123_n-768x434.jpg 768w, https:\/\/chso.pl\/wp-content\/uploads\/2025\/06\/497752662_122107138304862940_1280175776841093123_n-1536x868.jpg 1536w, https:\/\/chso.pl\/wp-content\/uploads\/2025\/06\/497752662_122107138304862940_1280175776841093123_n.jpg 2048w\" sizes=\"(max-width: 1024px) 100vw, 1024px\" \/><\/figure>\n\n\n\n<figure class=\"wp-block-image size-full\"><img loading=\"lazy\" decoding=\"async\" width=\"996\" height=\"995\" src=\"https:\/\/chso.pl\/wp-content\/uploads\/2025\/06\/497457336_122107074644862940_3138070979229956183_n.jpg\" alt=\"\" class=\"wp-image-104\" srcset=\"https:\/\/chso.pl\/wp-content\/uploads\/2025\/06\/497457336_122107074644862940_3138070979229956183_n.jpg 996w, https:\/\/chso.pl\/wp-content\/uploads\/2025\/06\/497457336_122107074644862940_3138070979229956183_n-300x300.jpg 300w, https:\/\/chso.pl\/wp-content\/uploads\/2025\/06\/497457336_122107074644862940_3138070979229956183_n-150x150.jpg 150w, https:\/\/chso.pl\/wp-content\/uploads\/2025\/06\/497457336_122107074644862940_3138070979229956183_n-768x767.jpg 768w\" sizes=\"(max-width: 996px) 100vw, 996px\" \/><\/figure>\n<\/div>\n\n\n\n<div class=\"wp-block-column is-layout-flow wp-block-column-is-layout-flow\" style=\"flex-basis:66.66%\">\n<p>Zapraszamy do naszego projektu <img loading=\"lazy\" decoding=\"async\" height=\"16\" width=\"16\" alt=\"\ud83c\udf38\" src=\"https:\/\/static.xx.fbcdn.net\/images\/emoji.php\/v9\/tf0\/1\/16\/1f338.png\"><img loading=\"lazy\" decoding=\"async\" height=\"16\" width=\"16\" alt=\"\ud83d\udcab\" src=\"https:\/\/static.xx.fbcdn.net\/images\/emoji.php\/v9\/ted\/1\/16\/1f4ab.png\"><\/p>\n\n\n\n<p><a><\/a>Nasze nadchodz\u0105ce warsztaty i spotkania w projekcie &#8222;SI\u0141A JEST KOBIET\u0104 &#8221; to starannie przygotowana przestrze\u0144, w kt\u00f3rej Twoje Drzewo Przeznaczenia mo\u017ce bezpiecznie zapu\u015bci\u0107 g\u0142\u0119biej korzenie i odwa\u017cniej rozwin\u0105\u0107 ga\u0142\u0119zie. To podr\u00f3\u017c do serca Twojego wn\u0119trza, by odkry\u0107 jego map\u0119 i \u015bwiadomie kszta\u0142towa\u0107 jego krajobraz.<\/p>\n\n\n\n<p><img loading=\"lazy\" decoding=\"async\" height=\"16\" width=\"16\" alt=\"\ud83c\udf0c\" src=\"https:\/\/static.xx.fbcdn.net\/images\/emoji.php\/v9\/tbe\/1\/16\/1f30c.png\"> Gotowa po\u0142\u0105czy\u0107 korzenie z gwiazdami i rozpocz\u0105\u0107 sw\u00f3j niesko\u0144czony rozkwit?<\/p>\n\n\n\n<p><img loading=\"lazy\" decoding=\"async\" height=\"16\" width=\"16\" alt=\"\ud83d\udc49\" src=\"https:\/\/static.xx.fbcdn.net\/images\/emoji.php\/v9\/t51\/1\/16\/1f449.png\"> Do\u0142\u0105cz do nas i rozpocznij t\u0119 niezwyk\u0142\u0105 podr\u00f3\u017c! <img loading=\"lazy\" decoding=\"async\" height=\"16\" width=\"16\" alt=\"\ud83d\ude80\" src=\"https:\/\/static.xx.fbcdn.net\/images\/emoji.php\/v9\/tc6\/1\/16\/1f680.png\"><\/p>\n\n\n\n<p><img loading=\"lazy\" decoding=\"async\" height=\"16\" width=\"16\" alt=\"\ud83d\udce5\" src=\"https:\/\/static.xx.fbcdn.net\/images\/emoji.php\/v9\/tbc\/1\/16\/1f4e5.png\"> JAK SI\u0118 ZG\u0141OSI\u0106?<\/p>\n\n\n\n<p><img loading=\"lazy\" decoding=\"async\" height=\"16\" width=\"16\" alt=\"\u2705\" src=\"https:\/\/static.xx.fbcdn.net\/images\/emoji.php\/v9\/t33\/1\/16\/2705.png\"> Pobierz i wype\u0142nij formularz:<\/p>\n\n\n\n<p><a href=\"https:\/\/docs.google.com\/...\/1WvDJyysK0LRfLD4r...\/mobilebasic\">https:\/\/docs.google.com\/&#8230;\/1WvDJyysK0LRfLD4r&#8230;\/mobilebasic<\/a><\/p>\n\n\n\n<p><img loading=\"lazy\" decoding=\"async\" height=\"16\" width=\"16\" alt=\"\ud83d\udce7\" src=\"https:\/\/static.xx.fbcdn.net\/images\/emoji.php\/v9\/tbe\/1\/16\/1f4e7.png\"> Wy\u015blij go na: projekt.silajestkobieta@gmail.com<\/p>\n\n\n\n<p><img loading=\"lazy\" decoding=\"async\" height=\"16\" width=\"16\" alt=\"\ud83d\udccd\" src=\"https:\/\/static.xx.fbcdn.net\/images\/emoji.php\/v9\/t2d\/1\/16\/1f4cd.png\"> Mo\u017cesz te\u017c dostarczy\u0107 formularz osobi\u015bcie do biura projektu:<\/p>\n\n\n\n<p>Che\u0142mi\u0144ski Inkubator Organizacji Pozarz\u0105dowych<\/p>\n\n\n\n<p>ul. Grudzi\u0105dzka 36, 86-200 Che\u0142mno<\/p>\n\n\n\n<p><img loading=\"lazy\" decoding=\"async\" height=\"16\" width=\"16\" alt=\"\ud83d\udcde\" src=\"https:\/\/static.xx.fbcdn.net\/images\/emoji.php\/v9\/t4d\/1\/16\/1f4de.png\"> Masz pytania? Zadzwo\u0144 (poniedzia\u0142ek\u2013pi\u0105tek): 574 276 015<\/p>\n\n\n\n<p><a href=\"https:\/\/www.facebook.com\/hashtag\/wewn%C4%99trznykosmos?__eep__=6&amp;__cft__[0]=AZW4JF-Bdfjb2JcptM1aqVpjqyqOsxb0kSbowK16N3T7VsmfNq7K_2-zeTk6fBC6mtwpfunnpwJvj8n_vO8L2tiW2pzUulEUn4c1lh5TbikkFeS6gaMfA6AgfxvDLYYP0Qpf16bQ2lnG5929kEdM6_7s4GtchPsmKxesSGXtOLipCc3c-ljwUAFmi8jAfOKz_d3JFcAuag08CZsTZYUxhRLi&amp;__tn__=*NK-R\">#Wewn\u0119trznyKosmos<\/a><a href=\"https:\/\/www.facebook.com\/hashtag\/drzewoprzeznaczenia?__eep__=6&amp;__cft__[0]=AZW4JF-Bdfjb2JcptM1aqVpjqyqOsxb0kSbowK16N3T7VsmfNq7K_2-zeTk6fBC6mtwpfunnpwJvj8n_vO8L2tiW2pzUulEUn4c1lh5TbikkFeS6gaMfA6AgfxvDLYYP0Qpf16bQ2lnG5929kEdM6_7s4GtchPsmKxesSGXtOLipCc3c-ljwUAFmi8jAfOKz_d3JFcAuag08CZsTZYUxhRLi&amp;__tn__=*NK-R\">#DrzewoPrzeznaczenia<\/a><a href=\"https:\/\/www.facebook.com\/hashtag\/g%C5%82%C4%99bokisens?__eep__=6&amp;__cft__[0]=AZW4JF-Bdfjb2JcptM1aqVpjqyqOsxb0kSbowK16N3T7VsmfNq7K_2-zeTk6fBC6mtwpfunnpwJvj8n_vO8L2tiW2pzUulEUn4c1lh5TbikkFeS6gaMfA6AgfxvDLYYP0Qpf16bQ2lnG5929kEdM6_7s4GtchPsmKxesSGXtOLipCc3c-ljwUAFmi8jAfOKz_d3JFcAuag08CZsTZYUxhRLi&amp;__tn__=*NK-R\">#G\u0142\u0119bokiSens<\/a><a href=\"https:\/\/www.facebook.com\/hashtag\/mocwewn%C4%99trzna?__eep__=6&amp;__cft__[0]=AZW4JF-Bdfjb2JcptM1aqVpjqyqOsxb0kSbowK16N3T7VsmfNq7K_2-zeTk6fBC6mtwpfunnpwJvj8n_vO8L2tiW2pzUulEUn4c1lh5TbikkFeS6gaMfA6AgfxvDLYYP0Qpf16bQ2lnG5929kEdM6_7s4GtchPsmKxesSGXtOLipCc3c-ljwUAFmi8jAfOKz_d3JFcAuag08CZsTZYUxhRLi&amp;__tn__=*NK-R\">#MocWewn\u0119trzna<\/a><a href=\"https:\/\/www.facebook.com\/hashtag\/warsztatyrozwojowe?__eep__=6&amp;__cft__[0]=AZW4JF-Bdfjb2JcptM1aqVpjqyqOsxb0kSbowK16N3T7VsmfNq7K_2-zeTk6fBC6mtwpfunnpwJvj8n_vO8L2tiW2pzUulEUn4c1lh5TbikkFeS6gaMfA6AgfxvDLYYP0Qpf16bQ2lnG5929kEdM6_7s4GtchPsmKxesSGXtOLipCc3c-ljwUAFmi8jAfOKz_d3JFcAuag08CZsTZYUxhRLi&amp;__tn__=*NK-R\">#WarsztatyRozwojowe<\/a><a href=\"https:\/\/www.facebook.com\/hashtag\/poznajprowadz%C4%85cych?__eep__=6&amp;__cft__[0]=AZW4JF-Bdfjb2JcptM1aqVpjqyqOsxb0kSbowK16N3T7VsmfNq7K_2-zeTk6fBC6mtwpfunnpwJvj8n_vO8L2tiW2pzUulEUn4c1lh5TbikkFeS6gaMfA6AgfxvDLYYP0Qpf16bQ2lnG5929kEdM6_7s4GtchPsmKxesSGXtOLipCc3c-ljwUAFmi8jAfOKz_d3JFcAuag08CZsTZYUxhRLi&amp;__tn__=*NK-R\">#PoznajProwadz\u0105cych<\/a><a href=\"https:\/\/www.facebook.com\/hashtag\/rozkwitpotencja%C5%82u?__eep__=6&amp;__cft__[0]=AZW4JF-Bdfjb2JcptM1aqVpjqyqOsxb0kSbowK16N3T7VsmfNq7K_2-zeTk6fBC6mtwpfunnpwJvj8n_vO8L2tiW2pzUulEUn4c1lh5TbikkFeS6gaMfA6AgfxvDLYYP0Qpf16bQ2lnG5929kEdM6_7s4GtchPsmKxesSGXtOLipCc3c-ljwUAFmi8jAfOKz_d3JFcAuag08CZsTZYUxhRLi&amp;__tn__=*NK-R\">#RozkwitPotencja\u0142u<\/a><a href=\"https:\/\/www.facebook.com\/hashtag\/twojeprzeznaczenie?__eep__=6&amp;__cft__[0]=AZW4JF-Bdfjb2JcptM1aqVpjqyqOsxb0kSbowK16N3T7VsmfNq7K_2-zeTk6fBC6mtwpfunnpwJvj8n_vO8L2tiW2pzUulEUn4c1lh5TbikkFeS6gaMfA6AgfxvDLYYP0Qpf16bQ2lnG5929kEdM6_7s4GtchPsmKxesSGXtOLipCc3c-ljwUAFmi8jAfOKz_d3JFcAuag08CZsTZYUxhRLi&amp;__tn__=*NK-R\">#TwojePrzeznaczenie<\/a><a href=\"https:\/\/www.facebook.com\/hashtag\/harmonia%C5%BCycia?__eep__=6&amp;__cft__[0]=AZW4JF-Bdfjb2JcptM1aqVpjqyqOsxb0kSbowK16N3T7VsmfNq7K_2-zeTk6fBC6mtwpfunnpwJvj8n_vO8L2tiW2pzUulEUn4c1lh5TbikkFeS6gaMfA6AgfxvDLYYP0Qpf16bQ2lnG5929kEdM6_7s4GtchPsmKxesSGXtOLipCc3c-ljwUAFmi8jAfOKz_d3JFcAuag08CZsTZYUxhRLi&amp;__tn__=*NK-R\">#Harmonia\u017bycia<\/a><\/p>\n<\/div>\n<\/div>\n\n\n\n<div style=\"height:29px\" aria-hidden=\"true\" class=\"wp-block-spacer\"><\/div>\n\n\n\n<div class=\"wp-block-file aligncenter\"><a id=\"wp-block-file--media-18138fc2-9374-461f-a047-8e4931751840\" href=\"https:\/\/chso.pl\/wp-content\/uploads\/2025\/06\/SILA-JEST-KOBIETA_-\u2013-nowy-projekt-w-Chelmnie-wspiera-kobiety-na-rynku-pracy-i-w-budowaniu-silnej-pozycji-zawodowej-e-chelmno.pl_.pdf\" target=\"_blank\" rel=\"noreferrer noopener\">Artyku\u0142 <br>SI\u0141A JEST KOBIET\u0104!_\u2013 \/nowy projekt w Che\u0142mnie wspiera kobiety na rynku pracy i w budowaniu silnej pozycji zawodowej &#8211; e-chelmno.pl<\/a><a href=\"https:\/\/chso.pl\/wp-content\/uploads\/2025\/06\/SILA-JEST-KOBIETA_-\u2013-nowy-projekt-w-Chelmnie-wspiera-kobiety-na-rynku-pracy-i-w-budowaniu-silnej-pozycji-zawodowej-e-chelmno.pl_.pdf\" class=\"wp-block-file__button wp-element-button\" download aria-describedby=\"wp-block-file--media-18138fc2-9374-461f-a047-8e4931751840\">Pobierz<\/a><\/div>\n\n\n\n<figure class=\"wp-block-image aligncenter size-large is-resized\"><img loading=\"lazy\" decoding=\"async\" width=\"715\" height=\"1024\" src=\"https:\/\/chso.pl\/wp-content\/uploads\/2025\/09\/dok-715x1024.jpg\" alt=\"\" class=\"wp-image-504\" style=\"width:348px;height:auto\" srcset=\"https:\/\/chso.pl\/wp-content\/uploads\/2025\/09\/dok-715x1024.jpg 715w, https:\/\/chso.pl\/wp-content\/uploads\/2025\/09\/dok-209x300.jpg 209w, https:\/\/chso.pl\/wp-content\/uploads\/2025\/09\/dok-768x1100.jpg 768w, https:\/\/chso.pl\/wp-content\/uploads\/2025\/09\/dok.jpg 1029w\" sizes=\"(max-width: 715px) 100vw, 715px\" \/><\/figure>\n","protected":false},"excerpt":{"rendered":"<p>Facebook Zapraszamy do naszego projektu Nasze nadchodz\u0105ce warsztaty i spotkania w projekcie &#8222;SI\u0141A JEST KOBIET\u0104 &#8221; to starannie przygotowana przestrze\u0144, w kt\u00f3rej Twoje Drzewo Przeznaczenia mo\u017ce bezpiecznie zapu\u015bci\u0107 g\u0142\u0119biej korzenie i odwa\u017cniej rozwin\u0105\u0107 ga\u0142\u0119zie. To podr\u00f3\u017c do serca Twojego wn\u0119trza, by odkry\u0107 jego map\u0119 i \u015bwiadomie kszta\u0142towa\u0107 jego krajobraz. Gotowa po\u0142\u0105czy\u0107 korzenie z gwiazdami i<\/p>\n","protected":false},"author":1,"featured_media":103,"parent":0,"menu_order":0,"comment_status":"closed","ping_status":"closed","template":"","meta":{"footnotes":""},"class_list":["post-33","page","type-page","status-publish","has-post-thumbnail","hentry"],"_links":{"self":[{"href":"https:\/\/chso.pl\/index.php\/wp-json\/wp\/v2\/pages\/33","targetHints":{"allow":["GET"]}}],"collection":[{"href":"https:\/\/chso.pl\/index.php\/wp-json\/wp\/v2\/pages"}],"about":[{"href":"https:\/\/chso.pl\/index.php\/wp-json\/wp\/v2\/types\/page"}],"author":[{"embeddable":true,"href":"https:\/\/chso.pl\/index.php\/wp-json\/wp\/v2\/users\/1"}],"replies":[{"embeddable":true,"href":"https:\/\/chso.pl\/index.php\/wp-json\/wp\/v2\/comments?post=33"}],"version-history":[{"count":7,"href":"https:\/\/chso.pl\/index.php\/wp-json\/wp\/v2\/pages\/33\/revisions"}],"predecessor-version":[{"id":506,"href":"https:\/\/chso.pl\/index.php\/wp-json\/wp\/v2\/pages\/33\/revisions\/506"}],"wp:featuredmedia":[{"embeddable":true,"href":"https:\/\/chso.pl\/index.php\/wp-json\/wp\/v2\/media\/103"}],"wp:attachment":[{"href":"https:\/\/chso.pl\/index.php\/wp-json\/wp\/v2\/media?parent=33"}],"curies":[{"name":"wp","href":"https:\/\/api.w.org\/{rel}","templated":true}]}}